{"id":13,"date":"2024-01-20T09:41:17","date_gmt":"2024-01-20T12:41:17","guid":{"rendered":"https:\/\/koncuratabogados.com.ar\/?page_id=13"},"modified":"2025-10-02T15:16:15","modified_gmt":"2025-10-02T18:16:15","slug":"home","status":"publish","type":"page","link":"https:\/\/koncuratabogados.com.ar\/","title":{"rendered":"Home"},"content":{"rendered":"\n<div class=\"wp-block-cover alignfull\" style=\"min-height:849px\"><span aria-hidden=\"true\" class=\"wp-block-cover__background has-white-background-color has-background-dim-100 has-background-dim\"><\/span><div class=\"wp-block-cover__inner-container is-layout-flow wp-block-cover-is-layout-flow\">\n<p><\/p>\n\n\n\n<h2 class=\"wp-block-heading has-text-align-center has-text-color\" style=\"color:#3c4858\"><mark style=\"background-color:rgba(0, 0, 0, 0)\" class=\"has-inline-color has-white-color\">Cons\u00faltanos para asesorarte en:<\/mark><\/h2>\n\n\n\n<div class=\"wp-block-columns is-layout-flex wp-container-core-columns-layout-1 wp-block-columns-is-layout-flex\">\n<div class=\"wp-block-column is-layout-flow wp-block-column-is-layout-flow\"><div class=\"wp-block-image\">\n<figure class=\"aligncenter size-full is-resized\"><img loading=\"lazy\" decoding=\"async\" width=\"238\" height=\"238\" src=\"https:\/\/koncuratabogados.com.ar\/wp-content\/uploads\/2024\/01\/istockphoto-505598550-1024x1024-modified11.png\" alt=\"\" class=\"wp-image-128\" style=\"width:125px\" srcset=\"https:\/\/koncuratabogados.com.ar\/wp-content\/uploads\/2024\/01\/istockphoto-505598550-1024x1024-modified11.png 238w, https:\/\/koncuratabogados.com.ar\/wp-content\/uploads\/2024\/01\/istockphoto-505598550-1024x1024-modified11-150x150.png 150w\" sizes=\"(max-width: 238px) 100vw, 238px\" \/><\/figure><\/div>\n\n\n<h5 class=\"wp-block-heading has-text-align-center has-text-color\" style=\"color:#3c4858;font-size:18px\"><mark style=\"background-color:rgba(0, 0, 0, 0)\" class=\"has-inline-color has-white-color\">Civil<\/mark><\/h5>\n\n\n\n<p class=\"has-text-align-center has-text-color\" style=\"color:#999999;font-size:14px\"><mark style=\"background-color:rgba(0, 0, 0, 0)\" class=\"has-inline-color has-white-color\">Da\u00f1os, accidentes, reclamos de defensa del consumidor, alquileres, adquisiciones de bienes registrables, negocios inmobiliarios, procesos sucesorios.<\/mark><\/p>\n\n\n\n<p class=\"has-text-align-center has-text-color\" style=\"color:#999999;font-size:14px\"><\/p>\n\n\n\n<div style=\"height:25px\" aria-hidden=\"true\" class=\"wp-block-spacer\"><\/div>\n<\/div>\n\n\n\n<div class=\"wp-block-column is-layout-flow wp-block-column-is-layout-flow\"><div class=\"wp-block-image\">\n<figure class=\"aligncenter size-full is-resized\"><img loading=\"lazy\" decoding=\"async\" width=\"238\" height=\"238\" src=\"https:\/\/koncuratabogados.com.ar\/wp-content\/uploads\/2024\/01\/istockphoto-505598550-1024x1024-modified21.png\" alt=\"\" class=\"wp-image-129\" style=\"width:125px\" srcset=\"https:\/\/koncuratabogados.com.ar\/wp-content\/uploads\/2024\/01\/istockphoto-505598550-1024x1024-modified21.png 238w, https:\/\/koncuratabogados.com.ar\/wp-content\/uploads\/2024\/01\/istockphoto-505598550-1024x1024-modified21-150x150.png 150w\" sizes=\"(max-width: 238px) 100vw, 238px\" \/><\/figure><\/div>\n\n\n<h5 class=\"wp-block-heading has-text-align-center has-text-color\" style=\"color:#3c4858;font-size:18px\"><mark style=\"background-color:rgba(0, 0, 0, 0)\" class=\"has-inline-color has-white-color\">Comercial<\/mark><\/h5>\n\n\n\n<p class=\"has-text-align-center has-text-color\" style=\"color:#999999;font-size:14px\"><mark style=\"background-color:rgba(0, 0, 0, 0)\" class=\"has-inline-color has-white-color\">Fideicomisos, creaci\u00f3n de empresas, cobros, concursos y quiebras, fondos de comercio.<\/mark><\/p>\n\n\n\n<div style=\"height:25px\" aria-hidden=\"true\" class=\"wp-block-spacer\"><\/div>\n<\/div>\n\n\n\n<div class=\"wp-block-column is-layout-flow wp-block-column-is-layout-flow\"><div class=\"wp-block-image\">\n<figure class=\"aligncenter size-full is-resized\"><img loading=\"lazy\" decoding=\"async\" width=\"238\" height=\"238\" src=\"https:\/\/koncuratabogados.com.ar\/wp-content\/uploads\/2024\/01\/istockphoto-505598550-1024x1024-modified41.png\" alt=\"\" class=\"wp-image-130\" style=\"width:125px\" srcset=\"https:\/\/koncuratabogados.com.ar\/wp-content\/uploads\/2024\/01\/istockphoto-505598550-1024x1024-modified41.png 238w, https:\/\/koncuratabogados.com.ar\/wp-content\/uploads\/2024\/01\/istockphoto-505598550-1024x1024-modified41-150x150.png 150w\" sizes=\"(max-width: 238px) 100vw, 238px\" \/><\/figure><\/div>\n\n\n<h5 class=\"wp-block-heading has-text-align-center has-text-color\" style=\"color:#3c4858;font-size:18px\"><mark style=\"background-color:rgba(0, 0, 0, 0)\" class=\"has-inline-color has-white-color\">Agropecuario<\/mark><\/h5>\n\n\n\n<p class=\"has-text-align-center has-text-color\" style=\"color:#999999;font-size:14px\"><mark style=\"background-color:rgba(0, 0, 0, 0)\" class=\"has-inline-color has-white-color\">Alquileres, adquisiciones, traspasos y condominios.<\/mark><\/p>\n\n\n\n<div style=\"height:25px\" aria-hidden=\"true\" class=\"wp-block-spacer\"><\/div>\n<\/div>\n\n\n\n<div class=\"wp-block-column is-layout-flow wp-block-column-is-layout-flow\"><div class=\"wp-block-image\">\n<figure class=\"aligncenter size-full is-resized\"><img loading=\"lazy\" decoding=\"async\" width=\"238\" height=\"238\" src=\"https:\/\/koncuratabogados.com.ar\/wp-content\/uploads\/2024\/01\/istockphoto-505598550-1024x1024-modified1.png\" alt=\"\" class=\"wp-image-132\" style=\"width:125px\" srcset=\"https:\/\/koncuratabogados.com.ar\/wp-content\/uploads\/2024\/01\/istockphoto-505598550-1024x1024-modified1.png 238w, https:\/\/koncuratabogados.com.ar\/wp-content\/uploads\/2024\/01\/istockphoto-505598550-1024x1024-modified1-150x150.png 150w\" sizes=\"(max-width: 238px) 100vw, 238px\" \/><\/figure><\/div>\n\n\n<h5 class=\"wp-block-heading has-text-align-center has-text-color\" style=\"color:#3c4858;font-size:18px\"><mark style=\"background-color:rgba(0, 0, 0, 0)\" class=\"has-inline-color has-white-color\">Laboral<\/mark><\/h5>\n\n\n\n<p class=\"has-text-align-center has-text-color\" style=\"color:#999999;font-size:14px\"><mark style=\"background-color:rgba(0, 0, 0, 0)\" class=\"has-inline-color has-white-color\">Derecho del trabajo, derecho administrativo y sus relaciones con el estado.<\/mark><\/p>\n\n\n\n<div style=\"height:27px\" aria-hidden=\"true\" class=\"wp-block-spacer\"><\/div>\n<\/div>\n<\/div>\n\n\n\n<h2 class=\"wp-block-heading has-text-align-center has-inline-color has-white-color\">\u00a1Incorporamos un nuevo servicio!<\/h2>\n\n\n\n<h3 class=\"wp-block-heading has-text-align-center has-inline-color has-white-color\">Asesor\u00eda y Reclamos por Ciberestafas con Investigaci\u00f3n T\u00e9cnica<\/h3>\n\n\n\n<div style=\"height:100px\" aria-hidden=\"true\" class=\"wp-block-spacer\"><\/div>\n\n\n\n<div class=\"wp-block-columns alignwide is-layout-flex wp-container-core-columns-layout-2 wp-block-columns-is-layout-flex\" style=\"margin-bottom:0\">\n<div class=\"wp-block-column has-text-color has-background has-link-color wp-elements-6c6cbf18b7ca5b0ef55596d3295ef898 is-layout-flow wp-block-column-is-layout-flow\" style=\"color:#000000;background-color:#c0ebf1;padding-top:2em;padding-right:2em;padding-bottom:2em;padding-left:2em\">\n<h2 class=\"wp-block-heading\" id=\"single\" style=\"font-size:40px\"><strong>B\u00e1sico<\/strong><\/h2>\n\n\n\n<p class=\"has-normal-font-size\"><strong>Orientaci\u00f3n y Primera Respuesta<\/strong><\/p>\n\n\n\n<hr class=\"wp-block-separator has-text-color has-css-opacity has-background is-style-wide\" style=\"background-color:#000000;color:#000000\"\/>\n\n\n\n<p><strong>Incluye:<\/strong><\/p>\n\n\n\n<ul>\n<li>Entrevista inicial con abogado especializado en ciberestafas.<\/li>\n\n\n\n<li>An\u00e1lisis preliminar del caso y viabilidad de la denuncia.<\/li>\n\n\n\n<li>Gu\u00eda pr\u00e1ctica sobre c\u00f3mo denunciar ante banco, billetera virtual y comisar\u00eda.<\/li>\n\n\n\n<li>Recomendaciones de seguridad personalizadas para evitar futuros incidentes.<\/li>\n<\/ul>\n\n\n\n<div style=\"height:149px\" aria-hidden=\"true\" class=\"wp-block-spacer\"><\/div>\n\n\n\n<div class=\"wp-block-buttons is-horizontal is-content-justification-center is-layout-flex wp-container-core-buttons-layout-1 wp-block-buttons-is-layout-flex\">\n<div class=\"wp-block-button has-custom-width wp-block-button__width-100 is-style-fill\"><a class=\"wp-block-button__link has-white-color has-text-color has-background no-border-radius wp-element-button\" href=\"#contact\" style=\"background-color:#000000\">Contactanos<\/a><\/div>\n<\/div>\n<\/div>\n\n\n\n<div class=\"wp-block-column has-text-color has-background has-link-color wp-elements-84a2d85b8bb4beca162b0e8fa08b72b8 is-layout-flow wp-block-column-is-layout-flow\" style=\"color:#000000;background-color:#c0ebf1;padding-top:2em;padding-right:2em;padding-bottom:2em;padding-left:2em\">\n<h2 class=\"wp-block-heading\" id=\"family\" style=\"font-size:40px\"><strong>Intermedio<\/strong><\/h2>\n\n\n\n<p class=\"has-normal-font-size\"><strong><strong>Asesor\u00eda Legal y Evidencia Digital<\/strong><\/strong><\/p>\n\n\n\n<hr class=\"wp-block-separator has-text-color has-css-opacity has-background is-style-wide\" style=\"background-color:#000000;color:#000000\"\/>\n\n\n\n<p><strong>Incluye Plan B\u00e1sico, m\u00e1s:<\/strong><\/p>\n\n\n\n<ul class=\"has-normal-font-size\">\n<li>Redacci\u00f3n y presentaci\u00f3n de la denuncia con acompa\u00f1amiento legal.<\/li>\n\n\n\n<li>Informe t\u00e9cnico inicial sobre el caso:\n<ul>\n<li>An\u00e1lisis de correos, enlaces o mensajes fraudulentos.<\/li>\n\n\n\n<li>Identificaci\u00f3n del hosting, dominio o alias de transferencia.<\/li>\n<\/ul>\n<\/li>\n\n\n\n<li>Entrega de un <strong>informe probatorio<\/strong> que respalde la denuncia ante las autoridades.<\/li>\n<\/ul>\n\n\n\n<div style=\"height:82px\" aria-hidden=\"true\" class=\"wp-block-spacer\"><\/div>\n\n\n\n<div class=\"wp-block-buttons is-horizontal is-content-justification-center is-layout-flex wp-container-core-buttons-layout-2 wp-block-buttons-is-layout-flex\">\n<div class=\"wp-block-button has-custom-width wp-block-button__width-100\"><a class=\"wp-block-button__link has-white-color has-text-color has-background no-border-radius wp-element-button\" href=\"#Contacto\" style=\"background-color:#000000\">Contactanos<\/a><\/div>\n<\/div>\n<\/div>\n\n\n\n<div class=\"wp-block-column has-text-color has-background has-link-color wp-elements-7c65c6130d99ea3fbe9b24842a7bc9b7 is-layout-flow wp-block-column-is-layout-flow\" style=\"color:#000000;background-color:#c0ebf1;padding-top:2em;padding-right:2em;padding-bottom:2em;padding-left:2em\">\n<h2 class=\"wp-block-heading\" id=\"patron\" style=\"font-size:40px\"><strong>Completo<\/strong><\/h2>\n\n\n\n<p class=\"has-normal-font-size\"><strong><strong>Representaci\u00f3n Integral y Monitoreo<\/strong><\/strong><\/p>\n\n\n\n<hr class=\"wp-block-separator has-text-color has-css-opacity has-background is-style-wide\" style=\"background-color:#000000;color:#000000\"\/>\n\n\n\n<p><strong>Incluye Plan Intermedio, m\u00e1s:<\/strong><\/p>\n\n\n\n<ul class=\"has-normal-font-size\">\n<li>Representaci\u00f3n legal en todo el proceso judicial o extrajudicial.<\/li>\n\n\n\n<li>Investigaci\u00f3n digital ampliada:\n<ul>\n<li>Identificaci\u00f3n de patrones de estafa similares (inteligencia de amenazas).<\/li>\n<\/ul>\n<\/li>\n\n\n\n<li>Acompa\u00f1amiento en reclamos bancarios o fintech (Mercado Pago, Ual\u00e1, etc).<\/li>\n\n\n\n<li>Reporte final con an\u00e1lisis legal y t\u00e9cnico para maximizar chances de resarcimiento.<\/li>\n\n\n\n<li>Monitoreo de posibles intentos posteriores de fraude contra la v\u00edctima.<\/li>\n<\/ul>\n\n\n\n<div style=\"height:30px\" aria-hidden=\"true\" class=\"wp-block-spacer\"><\/div>\n\n\n\n<div class=\"wp-block-buttons is-horizontal is-content-justification-center is-layout-flex wp-container-core-buttons-layout-3 wp-block-buttons-is-layout-flex\">\n<div class=\"wp-block-button has-custom-width wp-block-button__width-100\"><a class=\"wp-block-button__link has-white-color has-text-color has-background no-border-radius wp-element-button\" href=\"#Contacto\" style=\"background-color:#000000\">Contactanos<\/a><\/div>\n<\/div>\n<\/div>\n<\/div>\n<\/div><\/div>\n\n\n\n<div style=\"height:100px\" aria-hidden=\"true\" class=\"wp-block-spacer\"><\/div>\n\n\n\n<div class=\"wp-block-columns is-layout-flex wp-container-core-columns-layout-3 wp-block-columns-is-layout-flex\">\n<div class=\"wp-block-column is-layout-flow wp-block-column-is-layout-flow\">\n<div style=\"height:60px\" aria-hidden=\"true\" class=\"wp-block-spacer\"><\/div>\n\n\n\n<h3 class=\"wp-block-heading\"><mark style=\"background-color:rgba(0, 0, 0, 0)\" class=\"has-inline-color has-white-color\">Prestamos servicios legales, hace m\u00e1s de 50 a\u00f1os. Acompa\u00f1amos la problem\u00e1tica de nuestros clientes en todo el trayecto, ofreci\u00e9ndoles soluciones profesionales.<\/mark><\/h3>\n<\/div>\n<\/div>\n\n\n\n<div style=\"height:100px\" aria-hidden=\"true\" class=\"wp-block-spacer\"><\/div>\n\n\n\n<div class=\"modif\">\n<h4 class=\"wp-block-heading\" style=\"color: white;\">Nuestra formaci\u00f3n<\/h4><\/div>\n<br><br>\n\n\n\n<figure class=\"wp-block-image alignwide size-large\"><img loading=\"lazy\" decoding=\"async\" width=\"1024\" height=\"146\" src=\"http:\/\/koncuratabogados.com.ar\/wp-content\/uploads\/2024\/02\/Sin-titulo-1024x146.png\" alt=\"logo koncurat abogados universidades\" class=\"wp-image-269\" srcset=\"https:\/\/koncuratabogados.com.ar\/wp-content\/uploads\/2024\/02\/Sin-titulo-1024x146.png 1024w, https:\/\/koncuratabogados.com.ar\/wp-content\/uploads\/2024\/02\/Sin-titulo-300x43.png 300w, https:\/\/koncuratabogados.com.ar\/wp-content\/uploads\/2024\/02\/Sin-titulo-768x109.png 768w, https:\/\/koncuratabogados.com.ar\/wp-content\/uploads\/2024\/02\/Sin-titulo.png 1334w\" sizes=\"(max-width: 1024px) 100vw, 1024px\" \/><\/figure>\n","protected":false},"excerpt":{"rendered":"<p>Prestamos servicios legales, hace m\u00e1s de 50 a\u00f1os. Acompa\u00f1amos la problem\u00e1tica de nuestros clientes en todo el trayecto, ofreci\u00e9ndoles soluciones profesionales. Nuestra formaci\u00f3n<\/p>\n","protected":false},"author":1,"featured_media":0,"parent":0,"menu_order":0,"comment_status":"closed","ping_status":"closed","template":"","meta":{"_monsterinsights_skip_tracking":false,"_monsterinsights_sitenote_active":false,"_monsterinsights_sitenote_note":"","_monsterinsights_sitenote_category":0,"footnotes":""},"aioseo_notices":[],"_links":{"self":[{"href":"https:\/\/koncuratabogados.com.ar\/index.php?rest_route=\/wp\/v2\/pages\/13"}],"collection":[{"href":"https:\/\/koncuratabogados.com.ar\/index.php?rest_route=\/wp\/v2\/pages"}],"about":[{"href":"https:\/\/koncuratabogados.com.ar\/index.php?rest_route=\/wp\/v2\/types\/page"}],"author":[{"embeddable":true,"href":"https:\/\/koncuratabogados.com.ar\/index.php?rest_route=\/wp\/v2\/users\/1"}],"replies":[{"embeddable":true,"href":"https:\/\/koncuratabogados.com.ar\/index.php?rest_route=%2Fwp%2Fv2%2Fcomments&post=13"}],"version-history":[{"count":132,"href":"https:\/\/koncuratabogados.com.ar\/index.php?rest_route=\/wp\/v2\/pages\/13\/revisions"}],"predecessor-version":[{"id":398,"href":"https:\/\/koncuratabogados.com.ar\/index.php?rest_route=\/wp\/v2\/pages\/13\/revisions\/398"}],"wp:attachment":[{"href":"https:\/\/koncuratabogados.com.ar\/index.php?rest_route=%2Fwp%2Fv2%2Fmedia&parent=13"}],"curies":[{"name":"wp","href":"https:\/\/api.w.org\/{rel}","templated":true}]}}